{"id":12,"date":"2022-06-14T21:35:44","date_gmt":"2022-06-14T18:35:44","guid":{"rendered":"https:\/\/rt.enkosoft.com\/?page_id=12"},"modified":"2022-06-14T21:35:45","modified_gmt":"2022-06-14T18:35:45","slug":"politica-de-utilizare-cookie-uri","status":"publish","type":"page","link":"https:\/\/romaniatransfers.eu\/en\/politica-de-utilizare-cookie-uri\/","title":{"rendered":"Politic\u0103 de utilizare cookie-uri"},"content":{"rendered":"<p>Aceast\u0103 politic\u0103 reglementeaza utilizarea cookie-urilor si stabile\u0219te temeiul legal al companiei S.C. Nord Tour S.R.L pentru utilizarea \u201ccookie-urilor\u201d \u0219i tehnologiilor similare pe website sau pe sisteme care au legatur\u0103 cu website-ul www.romaniatransfers.eu. Aceast\u0103 politic\u0103 de cookie-uri este valabil\u0103 \u00eencep\u00e2nd cu data de 25 mai 2018.<\/p>\n\n\n\n<p>Modulele de cookie \u201eesen\u021biale\u201d sunt plasate automat pe calculator, laptop sau orice dispozitiv ce poate accesa sau actiona pe site-ul companiei. Cookie-urile &#8222;non-esen\u021biale&#8221; \u0219i alte tehnologii similare sunt plasate numai pe computerul sau pe dispozitivul utilizatorului dac\u0103 si-a dat acordul explicit. Informa\u021bii aditionale despre diferen\u021ba dintre cookie-urile esen\u021biale \u0219i non-esen\u021biale, se g\u0103sesc \u00een sec\u021biunea de mai jos intitulat\u0103 \u201cDespre cookie-uri\u201d.<\/p>\n\n\n\n<p>Informa\u021bii despre modul \u00een care este oferit consim\u021b\u0103m\u00e2ntul pentru cookie-uri non-esen\u021biale \u0219i alte tehnologii \u0219i despre modul cum se poate retrage acest consim\u021b\u0103m\u00e2nt se gasesc in sec\u021biunea de mai jos, intitulat\u0103 \u201cCum se accept\u0103 sau se resping cookie-urile\u201d.<\/p>\n\n\n\n<h2 class=\"wp-block-heading\"><strong>Cuprins<\/strong><\/h2>\n\n\n\n<ul class=\"wp-block-list\"><li><strong>Despre Cookies<\/strong><\/li><li><strong>Tipurile de cookie-uri utilizate<\/strong><\/li><li><strong>Cookie-uri esen\u021biale<\/strong><\/li><li><strong>Cookie-uri non-esen\u021biale<\/strong><\/li><li><strong>Web beacon-uri<\/strong><\/li><li><strong>Cum se accepta sau resping cookie-urile<\/strong><\/li><\/ul>\n\n\n\n<h2 class=\"wp-block-heading\"><a><\/a><strong>Despre Cookies<\/strong><\/h2>\n\n\n\n<p><strong>Ce sunt cookie-urile?<\/strong><\/p>\n\n\n\n<p>Fi\u0219ierele cookie sunt fi\u0219iere text mici trimise de serverul unui site web c\u0103tre un navigator web (web browser: IE, Firefox, Opera), memorie RAM sau unitate de hard disk \u0219i apoi stocate acolo. Acestea pot fi utilizate cu scopuri diferite, cum ar fi: personalizarea site-ului web in functie de nevoile unui anumit utilizator, ajutarea unui utilizator s\u0103 navigheze pe site-ul web, \u00eembun\u0103t\u0103\u021birea calitatii site-ului web pentru utilizator sau stocarea preferin\u021belor utilizatorului \u0219i informa\u021biilor de conectare.<\/p>\n\n\n\n<p><strong>Cookie-uri esen\u021biale \u0219i neesen\u021biale<\/strong><\/p>\n\n\n\n<p>Cookie-urile pot fi clasificate drept &#8222;esen\u021biale&#8221; sau &#8222;neesen\u021biale&#8221;.<\/p>\n\n\n\n<p>Cookie-urile esen\u021biale:&nbsp;prezint\u0103 una dintre urm\u0103toarele dou\u0103 caracteristici:<\/p>\n\n\n\n<ul class=\"wp-block-list\"><li>sunt utilizate exclusiv pentru efectuarea sau facilitarea comunic\u0103rii \u00eentr-o re\u021bea; sau<\/li><li>sunt strict necesare pentru furnizarea unui serviciu online (de ex. site-ul nostru sau un serviciu de pe site-ul nostru) solicitat de c\u0103tre dvs.<\/li><\/ul>\n\n\n\n<p>Cookie-uri neesen\u021biale:&nbsp;Acestea nu se \u00eencadreaz\u0103 \u00een defini\u021bia cookie-urilor esen\u021biale deoarece nu sunt strict necesare pentru functionarea unui site sau a serviciilor oferite pe acesta, precum cookie-urile utilizate pentru analizarea comportamentul pe un site web (cookie-uri \u201eanalitice\u201d) sau cookie-urile utilizate pentru afi\u0219area de reclame.<\/p>\n\n\n\n<p><strong>Cookie-uri de sesiune si persistente<\/strong><\/p>\n\n\n\n<p>Cookie-urile pot fi de dou\u0103 tipuri: \u201ede sesiune\u201d&nbsp; \u0219i \u201epersistente\u201d, \u00een func\u021bie de perioada de stocare dup\u0103 plasarea lor \u00een browserul dvs.<\/p>\n\n\n\n<p>Cookie-urile de sesiune:&nbsp;r\u0103m\u00e2n pe dipozitiv at\u00e2ta timp c\u00e2t navigatorul web este deschis. Acestea expir\u0103 c\u00e2nd navigatorul web este inchis.<\/p>\n\n\n\n<p>Cookie-urile persistente: expir\u0103 la un punct fix \u00een timp sau dac\u0103 sunt \u0219terse manual din navigatorul web.<\/p>\n\n\n\n<p><strong>Cookie-urile noastre sau ale p\u0103r\u021bilor ter\u021be<\/strong><\/p>\n\n\n\n<p>Cookie-urile pot fi clasificate \u00een dou\u0103 grupuri: cele care apar\u021bin site-ului vizitat sau cele care apar\u021bin&nbsp; p\u0103r\u021bilor ter\u021be.<\/p>\n\n\n\n<p>Cookie-urile care apar\u021bin site-ului nostru (primare): sunt cookie-urile plasate pe dispozitivul dvs. de c\u0103tre domeniul site-ului nostru.<\/p>\n\n\n\n<p>Cookie-urile care apar\u021bin ter\u021bilor:&nbsp;sunt cookie-urile plasate pe dispozitivul dvs. de c\u0103tre domenii ale unor site-uri care apar\u021bin unor p\u0103r\u021bi ter\u021be.<\/p>\n\n\n\n<p>Informa\u021bii adi\u021bionale se g\u0103sesc prin accesarea urm\u0103torului site web&nbsp;<a href=\"http:\/\/www.allaboutcookies.org\/\">www.allaboutcookies.org<\/a><\/p>\n\n\n\n<p><a><\/a><strong>Tipuri de cookie-uri utilizate<\/strong><\/p>\n\n\n\n<p><a><\/a><strong>Cookie-uri esen\u021biale<\/strong><\/p>\n\n\n\n<p>Acestea sunt cookie-urile strict necesare pentru func\u021bionarea corecta a site-ului nostru sau pentru oferirea de servicii pe care le solicita\u021bi folosind website-ul nostru.<\/p>\n\n\n\n<p><strong>Fundamentul juridic pentru prelucrare<\/strong>: prelucrarea informa\u021biilor despre utilizatori con\u021binute \u00een sau ob\u021binute prin intermediul cookie-urilor esen\u021biale se realizeaz\u0103 \u00een interese legitime [articolul 6 alineatul (1) litera (f) din Regulamentul General Privind Protec\u021bia Datelor (GDPR) cu caracter personal).<\/p>\n\n\n\n<p><strong>Interesele legitime<\/strong>: asigurarea func\u021bion\u0103rii corecte a site-ului \u0219i serviciilor online solicitate.<\/p>\n\n\n\n<p>Cum se renun\u021ba la cookie-urile esen\u021biale<\/p>\n\n\n\n<p>Cele mai multe tipuri de navigatoare web permit blocarea tuturor modulelor de tip cookie, inclusiv a cookie-urilor esen\u021biale. De mentionat faptul ca daca sunt blocate toate cookie-urile, anumite componente si functii ale site-ului pot fi afectate.<\/p>\n\n\n\n<p>Cookie-urile existente \u00een cadrul navigatorul web pot fi \u0219terse, prin selectarea op\u021biunii de \u0219tergere a cookie-urilor din op\u021biunea de \u0219tergere a datele de navigare.<\/p>\n\n\n\n<p>Informa\u021bii mai detaliate despre modul de acceptare \u0219i respingere a cookie-urilor, inclusiv instruc\u021biuni pentru anumite browsere, se afla in sec\u021biunea de mai jos, intitulat\u0103&nbsp;\u201eCum se accept\u0103 sau se resping cookie-urile\u201d<\/p>\n\n\n\n<p><a><\/a><strong>Cookie-uri neesentiale<\/strong><\/p>\n\n\n\n<p>Utiliz\u0103m urm\u0103toarele tipuri de cookie-uri neesen\u021biale pe website-ul nostru:<\/p>\n\n\n\n<ul class=\"wp-block-list\"><li><strong>Cookie-uri func\u021bionale<\/strong><\/li><li><strong>Cookie-uri analitice (sau de performan\u021b\u0103)<\/strong><\/li><li><strong>Cookie-urile de targetare (sau publicitare)<\/strong><\/li><\/ul>\n\n\n\n<p><strong>Cookie-uri func\u021bionale<\/strong><\/p>\n\n\n\n<p>Acestea sunt cookie-uri concepute pentru \u00eembun\u0103t\u0103\u021birea func\u021bionalitatii site-ului. Acestea nu sunt strict esen\u021biale pentru func\u021bionarea corect\u0103 a site-ul web sau pentru serviciile solicitate pe acesta, sau sunt\u200b\u200b cookie-uri care servesc scopuri neesen\u021biale, \u00een plus fa\u021b\u0103 de scopul esen\u021bial.<\/p>\n\n\n\n<p>Acceptarea sau respingerea cookie-urilor func\u021bionale<\/p>\n\n\n\n<p>Naviga\u021bi spre sec\u021biunea principal\u0103 intitulat\u0103 \u201cCum se accept\u0103 sau se resping cookie-urile\u201d.<\/p>\n\n\n\n<p>Prelucrarea informa\u021biilor personale despre utilizator, con\u021binute sau ob\u021binute prin intermediul cookie-urilor func\u021bionale<\/p>\n\n\n\n<p><strong>Fundamentul juridic pentru prelucrare<\/strong>: prelucrarea informa\u021biilor despre utilizatori con\u021binute \u00een sau ob\u021binute prin intermediul cookie-urilor esen\u021biale se realizeaz\u0103 \u00een interese legitime (Articolul 6 alineatul (1) litera (f) din Regulamentul General Privind Protec\u021bia Datelor cu caracter personal(GDPR)). Vom procesa datele personale doar dac\u0103 v-a\u021bi dat acordul s\u0103 plas\u0103m cookie-uri pe computerul sau dispozitivul dvs.<\/p>\n\n\n\n<p><strong>Interesele legitime<\/strong>: \u00eembun\u0103t\u0103\u021birea calit\u0103\u021bii \u0219i functionalit\u0103\u021bii site-ului web \u0219i furnizarea sau \u00eembun\u0103t\u0103\u021birea servciilor solicitate de pe site [\u0219i] [insera\u021bi orice scopuri suplimentare pentru care utiliza\u021bi cookie-urile func\u021bionale sau informa\u021biile pe care le ob\u021bine\u021bi prin cookie-urile func\u021bionale, de ex. analizarea informa\u021biilor despre utilizatorii serviciului de chat live de pe site].<\/p>\n\n\n\n<p>Informa\u021bii despre modul \u00een care sunt utilizate informa\u021biile ob\u021binute prin intermediul cookie-urilor func\u021bionale, se afla in sec\u021biunea intitulat\u0103 \u201eUtilizarea sistemelor automate de luare a deciziilor \u0219i profilare\u201d \u00een politica noastr\u0103 de confiden\u021bialitate, si &nbsp;este disponibil\u0103 aici: https:\/\/www.romaniatransfers.eu\/politica-confidentialitate\/24<\/p>\n\n\n\n<p><strong>Cookie-urile analitice (sau de performan\u021b\u0103)<\/strong><\/p>\n\n\n\n<p>Cookie-urile analitice (sau de performan\u021b\u0103) urm\u0103resc \u0219i colecteaz\u0103 date despre ceea ce face un utilizator pe site-ul web accesat. Aceste cookie-uri nu sunt esen\u021biale pentru buna func\u021bionare a site-ului.<\/p>\n\n\n\n<p>Utiliz\u0103m cookie-uri de tip Google Analytics pe site. Cookie-urile Google Analytics ajut\u0103 la \u00een\u021belegerea modului \u00een care interac\u021biona\u021bi cu website-ul, inclusiv cum a intrat un utilizatorul pe site-ul web, paginile accesate, c\u00e2t timp \u0219i ce obiecte au fost accesate, loca\u021bie (pe baza adresei IP).<\/p>\n\n\n\n<p>Informa\u021biile colectate cu ajutorul modulelor cookie analitice sunt colectate \u00een mod anoni<\/p>\n\n\n\n<p>Mai multe informatii<\/p>\n\n\n\n<p>Cookie-urile Google Analytics sunt clasificate drept cookie-uri primare, deoarece sunt stabilite de domeniul site-ului, de\u0219i Google colecteaz\u0103 \u0219i proceseaz\u0103 informa\u021bii prin utilizarea Google Analytics. Informatii mai multe despre modul \u00een care Google gestioneaz\u0103 informa\u021biile colectate prin intermediul Google Analytics, se afl\u0103 \u00een politica de confiden\u021bialitate Google Analytics, disponibil\u0103 aici: https:\/\/support.google.com\/analytics\/answer\/6004245<\/p>\n\n\n\n<p>Informa\u021bii despre modul \u00een care Google utilizeaz\u0103 date din cookie-urile pe care le utilizeaz\u0103, se gasesc accesand www.google.com\/policies\/privacy\/partners\/<\/p>\n\n\n\n<p>Acceptarea sau respingerea cookie-urilor analitice<\/p>\n\n\n\n<p>Naviga\u021bi spre sec\u021biunea principal\u0103 intitulat\u0103 \u201cCum se accept\u0103 sau se resping cookie-urile\u201d.<\/p>\n\n\n\n<p>Renun\u021barea la monitorizarea oferita de Google Analytics pe toate site-urile web \u00een general se face urmand instructiunile de la aceasta adres\u0103: http:\/\/tools.google.com\/dlpage\/gaoptout<\/p>\n\n\n\n<p>Prelucrarea informa\u021biilor despre utilizator con\u021binute \u00een sau ob\u021binute prin intermediul cookie-urilor analitice<\/p>\n\n\n\n<p><strong>Fundamentul juridic pentru prelucrare<\/strong>: prelucrarea informa\u021biilor despre utilizatori con\u021binute \u00een sau ob\u021binute prin intermediul cookie-urilor analitice \u00een interese legitime [articolul 6 alineatul (1) litera (f) din Regulamentul General Privind Protec\u021bia Datelor cu caracter personal (GDPR).<\/p>\n\n\n\n<p><strong>Interesele legitime<\/strong>: analiza modului \u00een care persoanele utilizeaz\u0103 site-ul web pentru \u00eembun\u0103t\u0103\u021birea site-ului \u0219i business-ului. Informa\u021bii suplimentare despre modul \u00een care sunt folosite informa\u021biile ob\u021binute din utilizarea cookie-urilor analitice, inclusiv profilarea, se afla in sec\u021biunea intitulat\u0103 &#8222;Utilizarea sistemelor automate de luare a deciziilor \u0219i profilare&#8221; \u00een Politica de Confiden\u021bialitate, si este disponibila aici: https:\/\/www.romaniatransfers.eu\/politica-confidentialitate\/24<\/p>\n\n\n\n<p><strong>Alte tehnologii<\/strong><\/p>\n\n\n\n<p><a><\/a><strong>Web Beacons<\/strong><\/p>\n\n\n\n<p>Noi \u0219i societatile de marketing pe care le folosim (MailChimp, Aweber) \u00eencorpor\u0103m, de asemenea, web beacon-uri \u00een e-mailurile de marketing. Web Beacon-urile sunt fi\u0219iere imagine GIF mici, care permit urm\u0103rirea primirii e-mailurilor de marketing, c\u00e2t de des sunt vizualizate anun\u021burile sau paginile site-ului &nbsp;Web, loca\u021bia, adresa IP \u0219i informa\u021biile navigatorului web. Web Beacon-urile sunt activate ori de c\u00e2te ori este deschis un e-mail de marketing sau este accesata o pagin\u0103 pe site-ul ce contine un Web Beacon. Web Beacon-urile transmit date c\u00e2nd sunt vizualizate, dar nu sunt capabile s\u0103 acceseze alte informa\u021bii de pe computer. Web Beacon-urile nu sunt stocate pe hard disk dec\u00e2t dac\u0103 sunt descarcate \u00eempreun\u0103 cu imaginea GIF.<\/p>\n\n\n\n<p>Unele navigatoare (dar nu toate) permit restric\u021bionarea utiliz\u0103rii Web beacon-urilor fie prin \u00eempiedicarea trimiterii de informa\u021bii c\u0103tre sursa acestora (de exemplu, atunci c\u00e2nd este setat navigatorul sa blocheze cookie-urile \u0219i trackerele), fie prin neaccesarea imaginilor care le con\u021bin (de exemplu, dac\u0103 este selectata setarea &#8222;Nu afi\u0219a\u021bi imaginile (\u00een e-mailuri)&#8221; pe serverul de e-mail).<\/p>\n\n\n\n<p>Aceptarea sau respingerea web beacon-urilor<\/p>\n\n\n\n<p>Naviga\u021bi spre sec\u021biunea principal\u0103 intitulat\u0103 \u201cCum se accept\u0103 sau se resping cookie-urile\u201d.<\/p>\n\n\n\n<p><strong>Fundamentul juridic pentru prelucrare<\/strong>: prelucrarea datelor despre utilizatori con\u021binute \u00een sau ob\u021binute prin intermediul web beacon-urilor se realizeaz\u0103 pe baza intereselor legitime [articolul 6 alineatul (1) litera (f) din Regulamentul General Privind Protec\u021bia Datelor (GDPR) cu caracter personal].<\/p>\n\n\n\n<p><strong>Interes legitim comercial<\/strong>: analiza eficacit\u0103\u021bii campaniilor de marketing prin e-mail. Pentru informa\u021bii aditionale despre modul \u00een care sunt utilizate datele colectate pe baza web beacon-urilor se afl\u0103 \u00een sec\u021biunea intitulat\u0103&nbsp;Utilizarea sistemelor automate de luare a deciziilor \u0219i profilare&nbsp;din politica de confiden\u021bialitate, disponibile aici: https:\/\/www.romaniatransfers.eu\/politica-confidentialitate\/24<\/p>\n\n\n\n<p><a><\/a><strong>Cum se accept\u0103 sau se resping cookie-urile<\/strong><\/p>\n\n\n\n<p>Exist\u0103 o serie de moduri diferite prin care se pot accepta sau respinge unele sau toate tipurile de cookie-uri [\u0219i tehnologii similare]. Unele dintre principalele metode de a face acest lucru sunt descrise mai jos:<\/p>\n\n\n\n<p>Sunte\u021bi bineveni\u021bi s\u0103 bloca\u021bi utilizarea unora sau a tuturor cookie-urilor care sunt folosite pe website. Cu toate acestea, v\u0103 rug\u0103m s\u0103 con\u0219tientiza\u021bi faptul c\u0103 acest lucru poate afecta website-ul \u0219i func\u021bionalitatea sa \u00een mod par\u021bial sau total.<\/p>\n\n\n\n<p>De asemenea, trebuie s\u0103 fi\u021bi con\u0219tient c\u0103 \u0219tergerea tuturor cookie-urilor din navigatorul web va \u0219terge, de asemenea, toate modulele cookie care stocheaz\u0103 preferin\u021bele dvs., de exemplu dac\u0103 a\u021bi acceptat sau nu utilizarea cookie-urilor pe un website sau orice cookie-uri care blocheaza alte cookie-uri.<\/p>\n\n\n\n<p>Informa\u021bii detaliate despre cookie-uri \u0219i set\u0103rile browserului se pot gasi prin accesarea urm\u0103torului link:&nbsp;<a href=\"http:\/\/www.allaboutcookies.org\/%20\">http:\/\/www.allaboutcookies.org\/<\/a><\/p>\n\n\n\n<p><strong>Acceptarea sau respingerea cookie-urilor<\/strong><\/p>\n\n\n\n<p>Instrumentul de control al cookie-urilor<\/p>\n\n\n\n<p>Pute\u021bi s\u0103 s\u0103 accepta\u021bi sau s\u0103 respinge\u021bi cookie-urile neesen\u021biale utiliz\u00e2nd instrumentul nostru de gestionare a cookie-urilor.<\/p>\n\n\n\n<p>Set\u0103rile browserului<\/p>\n\n\n\n<p>Pute\u021bi accepta sau respinge unele sau toate modulele cookie (de exemplu, bloc\u00e2nd toate modulele cookie ale p\u0103r\u021bilor ter\u021be) ajust\u00e2nd set\u0103rile browserului. Modul de efectuarea a acestui lucru se gase\u0219te accesand urmatoarele link-uri pentru cele mai populare navigatoare web:<\/p>\n\n\n\n<p>&#8211; Google Chrome:&nbsp;<a href=\"https:\/\/support.google.com\/chrome\/answer\/95647?hl=ro\">https:\/\/support.google.com\/chrome\/answer\/95647?hl=ro<\/a><\/p>\n\n\n\n<p>&#8211; Mozilla Firefox:&nbsp;<a href=\"https:\/\/support.mozilla.org\/en-US\/kb\/delete-browsing-search-download-history-firefox?redirectlocale=ro-US&amp;redirectslug=Clear+Recent+History\">https:\/\/support.mozilla.org\/en-US\/kb\/delete-browsing-search-download-history-firefox?redirectlocale=ro-US&amp;redirectslug=Clear+Recent+History<\/a><\/p>\n\n\n\n<p>&#8211; Microsoft Internet Explorer:&nbsp;<a href=\"https:\/\/support.microsoft.com\/en-us\/help\/278835\/how-to-delete-cookie-files-in-internet-explorer\">https:\/\/support.microsoft.com\/en-us\/help\/278835\/how-to-delete-cookie-files-in-internet-explorer<\/a><\/p>\n\n\n\n<p>&#8211; Apple Safari:&nbsp;<a href=\"https:\/\/support.apple.com\/kb\/PH5042?locale=ro_RO\">https:\/\/support.apple.com\/kb\/PH5042?locale=ro_RO<\/a><\/p>\n\n\n\n<p>Unele browsere, cum ar fi Chrome \u0219i Firefox, permit modificarea set\u0103rilor pentru navigarea \u00een modul &#8222;incognito&#8221;, limit\u00e2nd cantitatea de date introduse pe dispozitiv \u0219i \u0219terg\u00e2nd automat toate modulele cookie persistente introduse pe dispozitiv c\u00e2nd sesiunea de navigare se termina. Exist\u0103, de asemenea, numeroase aplica\u021bii ale unor par\u021bi ter\u021be care se pot ad\u0103uga \u00een browser pentru a bloca sau administra cookie-urile.<\/p>\n\n\n\n<p><em>Cookie-urile existente<\/em><\/p>\n\n\n\n<p>Pentru a \u0219terge cookie-urile care au fost plasate anterior \u00een browser, trebuie selectata op\u021biunea de \u0219tergere a istoricului navig\u0103rii asigurandu-v\u0103 c\u0103 op\u021biunea de \u0219tergere sau de \u0219tergere a cookie-urilor este activat\u0103 atunci c\u00e2nd se face acest lucru.<\/p>\n\n\n\n<p>Google Adsettings<\/p>\n\n\n\n<p>Gestionarea anun\u021burilor personalizate se face accesand&nbsp;<a href=\"https:\/\/adssettings.google.com\/%20\">https:\/\/adssettings.google.com\/<\/a>&nbsp;\u0219i prin:<\/p>\n\n\n\n<ul class=\"wp-block-list\"><li>demarcarea op\u021biunii &#8222;Personalizare anun\u021buri&#8221; (adic\u0103 prin asigurarea c\u0103 acel comutator din partea de sus a paginii este setat la st\u00e2nga\/gri \u0219i nu la dreapta\/albastru).<\/li><\/ul>\n\n\n\n<p>Alternativ, se poate instala un plugin gratuit pentru browser aici:&nbsp;<a href=\"https:\/\/support.google.com\/ads\/answer\/7395996\">https:\/\/support.google.com\/ads\/answer\/7395996<\/a><\/p>\n\n\n\n<p>Extensie a browserului pentru excluderea Google Analytics<\/p>\n\n\n\n<p>Pute\u021bi renun\u021ba la Google Analytics instal\u00e2nd extensia pentru browser care este disponibila aici:&nbsp;<a href=\"http:\/\/tools.google.com\/dlpage\/gaoptout\">http:\/\/tools.google.com\/dlpage\/gaoptout<\/a><\/p>\n\n\n\n<p>Deconectarea de la Facebook<\/p>\n\n\n\n<p>Exista posibilitatea instalarii unei extensii de browser numit\u0103 \u201eDisconnect Facebook pixel and FB tracking\u201d. Acest lucru va \u00eempiedica Facebook s\u0103 v\u0103 urm\u0103reasc\u0103 comportamentul pe site-urile web ale unor p\u0103r\u021bi ter\u021be. Acestea se pot instala accesand:<\/p>\n\n\n\n<ul class=\"wp-block-list\"><li>Pentru Chrome:&nbsp;<a href=\"https:\/\/chrome.google.com\/webstore\/detail\/disconnect-facebook-pixel\/nnkndeagapifodhlebifbgbonbfmlnfm?hl=ro\">https:\/\/chrome.google.com\/webstore\/detail\/disconnect-facebook-pixel\/nnkndeagapifodhlebifbgbonbfmlnfm?hl=ro<\/a><\/li><li>Pentru Firefox:&nbsp;<a href=\"https:\/\/addons.mozilla.org\/en-GB\/firefox\/addon\/facebook-disconnect\/\">https:\/\/addons.mozilla.org\/en-GB\/firefox\/addon\/facebook-disconnect\/<\/a><\/li><\/ul>\n\n\n\n<p>Instrumentul European de publicitate digital\u0103 interactiv\u0103<\/p>\n\n\n\n<p>Se poate renun\u021ba la Facebook \u0219i la alte companii care fac parte din Digital Advertising Alliance s\u0103 afi\u0219eze anun\u021buri bazate pe interes, vizit\u00e2nd&nbsp;<a href=\"http:\/\/www.youronlinechoices.com\/\">http:\/\/www.youronlinechoices.com<\/a>, select\u00e2nd \u021bara dvs., select\u00e2nd&nbsp; &#8222;Alegerile dvs. de anun\u021buri&#8221;, apoi g\u0103sind Facebook (\u0219i orice alte companii pe care dori\u021bi s\u0103 le bloca\u021bi) \u0219i select\u00e2nd op\u021biunea &#8222;Oprit&#8221;.<\/p>","protected":false},"excerpt":{"rendered":"<p>Aceast\u0103 politic\u0103 reglementeaza utilizarea cookie-urilor si stabile\u0219te temeiul legal al companiei S.C. Nord Tour S.R.L pentru utilizarea \u201ccookie-urilor\u201d \u0219i tehnologiilor similare pe website sau pe sisteme care au legatur\u0103 cu website-ul www.romaniatransfers.eu. Aceast\u0103 politic\u0103 de cookie-uri este valabil\u0103 \u00eencep\u00e2nd cu data de 25 mai 2018. Modulele de cookie \u201eesen\u021biale\u201d sunt plasate automat pe calculator, laptop [&#8230;]<\/p>","protected":false},"author":1,"featured_media":0,"parent":0,"menu_order":0,"comment_status":"closed","ping_status":"closed","template":"","meta":{"footnotes":""},"class_list":["post-12","page","type-page","status-publish","hentry"],"_links":{"self":[{"href":"https:\/\/romaniatransfers.eu\/en\/wp-json\/wp\/v2\/pages\/12","targetHints":{"allow":["GET"]}}],"collection":[{"href":"https:\/\/romaniatransfers.eu\/en\/wp-json\/wp\/v2\/pages"}],"about":[{"href":"https:\/\/romaniatransfers.eu\/en\/wp-json\/wp\/v2\/types\/page"}],"author":[{"embeddable":true,"href":"https:\/\/romaniatransfers.eu\/en\/wp-json\/wp\/v2\/users\/1"}],"replies":[{"embeddable":true,"href":"https:\/\/romaniatransfers.eu\/en\/wp-json\/wp\/v2\/comments?post=12"}],"version-history":[{"count":1,"href":"https:\/\/romaniatransfers.eu\/en\/wp-json\/wp\/v2\/pages\/12\/revisions"}],"predecessor-version":[{"id":12167,"href":"https:\/\/romaniatransfers.eu\/en\/wp-json\/wp\/v2\/pages\/12\/revisions\/12167"}],"wp:attachment":[{"href":"https:\/\/romaniatransfers.eu\/en\/wp-json\/wp\/v2\/media?parent=12"}],"curies":[{"name":"wp","href":"https:\/\/api.w.org\/{rel}","templated":true}]}}